{"id":5728,"date":"2019-10-10T04:11:01","date_gmt":"2019-10-10T04:11:01","guid":{"rendered":"https:\/\/www.humanpersi.pt\/privacy-policy\/"},"modified":"2023-01-16T18:11:13","modified_gmt":"2023-01-16T18:11:13","slug":"privacy-policy","status":"publish","type":"page","link":"https:\/\/www.humanpersi.pt\/en\/privacy-policy\/","title":{"rendered":"Privacy Policy"},"content":{"rendered":"<p>[vc_row][vc_column][g5element_space spacing=&#8221;57&#8243;][g5element_page_title layout_style=&#8221;style-02&#8243;][g5element_space spacing=&#8221;27&#8243;][vc_column_text]<\/p>\n<div class=\"span8\">\n<p style=\"text-align: justify;\">A informa\u00e7\u00e3o recolhida pela Humanpersi aos seus utilizadores \u00e9 mantida de acordo com a sua Pol\u00edtica de Privacidade para que possamos garantir um tratamento cuidado de toda a informa\u00e7\u00e3o pessoal fornecida, nomeadamente a informa\u00e7\u00e3o que recolhemos, como a utilizamos e com quem a partilhamos.<\/p>\n<h4 style=\"text-align: justify;\">1. Que informa\u00e7\u00e3o recolhemos?<\/h4>\n<p style=\"text-align: justify;\">Com o objetivo de fornecer um servi\u00e7o mais personalizado a cada utilizador, a Humanpersi recolhe e guarda informa\u00e7\u00e3o pessoal dos utilizadores. Assim, quando se regista ficamos com a informa\u00e7\u00e3o do seu nome, username, endere\u00e7o de email.<\/p>\n<h4 style=\"text-align: justify;\">2. Como utilizamos a informa\u00e7\u00e3o?<\/h4>\n<p style=\"text-align: justify;\">Qualquer informa\u00e7\u00e3o fornecida pelo utilizador ser\u00e1 utilizada de acordo com a Lei de Prote\u00e7\u00e3o de Dados Pessoais.<\/p>\n<p style=\"text-align: justify;\">A informa\u00e7\u00e3o guardada ser\u00e1 utilizada para estabelecer um elo de liga\u00e7\u00e3o com o utilizador atrav\u00e9s do envio de comunica\u00e7\u00f5es institucionais, newsletters, opera\u00e7\u00f5es de marketing de acordo com os seus interesses pessoais. O utilizador poder\u00e1 em qualquer momento cancelar o envio destas comunica\u00e7\u00f5es.<\/p>\n<h4 style=\"text-align: justify;\">3. Com quem partilhamos a informa\u00e7\u00e3o?<\/h4>\n<p style=\"text-align: justify;\">A informa\u00e7\u00e3o recolhida ser\u00e1 de uso exclusivo da Humanpersi, garantindo n\u00e3o ceder a sua informa\u00e7\u00e3o a entidades externas.<\/p>\n<h4 style=\"text-align: justify;\">4. Liga\u00e7\u00f5es externas?<\/h4>\n<p style=\"text-align: justify;\">Por cortesia aos nossos clientes, o nosso site cont\u00e9m liga\u00e7\u00f5es para alguns sites de terceiros (de propriedade de outros que n\u00e3o a Humanpersi), os quais, a nosso ver, podem conter informa\u00e7\u00f5es \u00fateis. A pol\u00edtica de privacidade aqui apresentada n\u00e3o se aplica a esses sites. Deve contact\u00e1-los diretamente para obter informa\u00e7\u00e3o sobre as suas pol\u00edticas de privacidade, acordos de confidencialidade e procedimentos de rece\u00e7\u00e3o\/distribui\u00e7\u00e3o de dados.<\/p>\n<h4 style=\"text-align: justify;\">5. Porque usamos cookies?<\/h4>\n<div class=\"politica-cookies\">\n<p style=\"text-align: justify;\">Utilizamos cookies no nosso s\u00edtio para melhorar o desempenho e a sua experi\u00eancia de utiliza\u00e7\u00e3o dos nossos servi\u00e7os.<\/p>\n<hr>\n<p style=\"text-align: justify;\"><strong>O que s\u00e3o <em>cookies?<\/em> <\/strong><\/p>\n<p style=\"text-align: justify;\">&#8221; <em>Cookies<\/em>&#8220;, s\u00e3o pequenos ficheiros de texto que s\u00e3o armazenados no seu computador ou no seu dispositivo m\u00f3vel atrav\u00e9s do navegador de internet ( <em>browser<\/em>).<\/p>\n<p style=\"text-align: justify;\">Estes ficheiros ret\u00eam apenas informa\u00e7\u00e3o relacionada com as suas prefer\u00eancias, n\u00e3o incluindo, como tal, os seus dados pessoais. Usamos o termo <em>cookies<\/em> nesta pol\u00edtica para referir todos os ficheiros que recolhem informa\u00e7\u00e3o desta forma. Os <em>cookies<\/em> que utilizamos ret\u00eam apenas informa\u00e7\u00e3o relacionada com as suas prefer\u00eancias.<\/p>\n<p style=\"text-align: justify;\">A qualquer momento, pode atrav\u00e9s do navegador <em>Web<\/em> ( <em>browser<\/em>) decidir ser notificado sobre a rece\u00e7\u00e3o de <em>cookies<\/em>, bem como bloquear a sua entrada. A recusa de uso de <em>cookies<\/em>, pode resultar na impossibilidade de ter acesso a funcionalidades ou de receber informa\u00e7\u00e3o personalizada.<\/p>\n<p style=\"text-align: justify;\"><strong>Este sitio utiliza cookies?<\/strong><\/p>\n<p style=\"text-align: justify;\">Sim, para melhorar a sua experi\u00eancia de utiliza\u00e7\u00e3o e oferecer um servi\u00e7o personalizado. Os <em>cookies<\/em> s\u00e3o utilizados para manter informa\u00e7\u00e3o do visitante e recolher indicadores de desempenho.<\/p>\n<p style=\"text-align: justify;\"><strong>Devo aceitar a utiliza\u00e7\u00e3o de <em>cookies<\/em>?<\/strong><\/p>\n<p style=\"text-align: justify;\">De acordo com Lei 41\/2004, de 18 de Agosto, este s\u00edtio poder\u00e1 recorrer \u00e0 utiliza\u00e7\u00e3o de <em>cookies<\/em> mediante consentimento pr\u00e9vio e expresso. Este s\u00edtio compromete-se a utilizar o armazenamento de <em>cookies<\/em> apenas para as finalidades acima descritas. A maioria dos navegadores <em>Web<\/em> ( <em>browsers<\/em>), permite controlo sobre os <em>cookies<\/em> armazenados no seu dispositivo, bem como a sua elimina\u00e7\u00e3o imediata, caso pretenda deixar de permitir o armazenamento local de <em>cookies<\/em>.<\/p>\n<p style=\"text-align: justify;\">\u00c9 importante referir que a utiliza\u00e7\u00e3o de <em>cookies<\/em> \u00e9 essencial para o correto funcionamento do s\u00edtio e dos servi\u00e7os que disponibiliza, pelo que a sua aceita\u00e7\u00e3o \u00e9 recomendada.<\/p>\n<p style=\"text-align: justify;\"><strong>Como usamos <em>cookies?<\/em> <\/strong><\/p>\n<p style=\"text-align: justify;\">O nosso s\u00edtio, tal como muitos outros, guarda e obt\u00e9m informa\u00e7\u00e3o do seu navegador, atrav\u00e9s do uso de <em>cookies<\/em>. Esta informa\u00e7\u00e3o \u00e9 usada para fazer com o que o s\u00edtio funcione de forma correta. Com esta informa\u00e7\u00e3o, n\u00e3o \u00e9 poss\u00edvel identific\u00e1-lo pessoalmente, mas pode ser usada para oferecer uma experi\u00eancia mais personalizada da web.<\/p>\n<\/div>\n<\/div>\n<p>[\/vc_column_text][g5element_space spacing=&#8221;30&#8243; spacing_md=&#8221;20&#8243;][\/vc_column][\/vc_row]<\/p>\n","protected":false},"excerpt":{"rendered":"<p>[vc_row][vc_column][g5element_space spacing=&#8221;57&#8243;][g5element_page_title layout_style=&#8221;style-02&#8243;][g5element_space spacing=&#8221;27&#8243;][vc_column_text] A informa\u00e7\u00e3o recolhida pela Humanpersi aos seus utilizadores \u00e9 mantida de acordo com a sua Pol\u00edtica de Privacidade para que possamos garantir um tratamento cuidado de toda a informa\u00e7\u00e3o pessoal fornecida, nomeadamente a informa\u00e7\u00e3o que recolhemos, como a utilizamos e com quem a partilhamos. 1. Que informa\u00e7\u00e3o recolhemos? Com o objetivo [&hellip;]<\/p>\n","protected":false},"author":1,"featured_media":0,"parent":0,"menu_order":0,"comment_status":"closed","ping_status":"closed","template":"","meta":{"footnotes":""},"class_list":["post-5728","page","type-page","status-publish","hentry"],"_links":{"self":[{"href":"https:\/\/www.humanpersi.pt\/en\/wp-json\/wp\/v2\/pages\/5728","targetHints":{"allow":["GET"]}}],"collection":[{"href":"https:\/\/www.humanpersi.pt\/en\/wp-json\/wp\/v2\/pages"}],"about":[{"href":"https:\/\/www.humanpersi.pt\/en\/wp-json\/wp\/v2\/types\/page"}],"author":[{"embeddable":true,"href":"https:\/\/www.humanpersi.pt\/en\/wp-json\/wp\/v2\/users\/1"}],"replies":[{"embeddable":true,"href":"https:\/\/www.humanpersi.pt\/en\/wp-json\/wp\/v2\/comments?post=5728"}],"version-history":[{"count":5,"href":"https:\/\/www.humanpersi.pt\/en\/wp-json\/wp\/v2\/pages\/5728\/revisions"}],"predecessor-version":[{"id":5809,"href":"https:\/\/www.humanpersi.pt\/en\/wp-json\/wp\/v2\/pages\/5728\/revisions\/5809"}],"wp:attachment":[{"href":"https:\/\/www.humanpersi.pt\/en\/wp-json\/wp\/v2\/media?parent=5728"}],"curies":[{"name":"wp","href":"https:\/\/api.w.org\/{rel}","templated":true}]}}